{"id":1599,"date":"2022-02-24T17:40:21","date_gmt":"2022-02-24T16:40:21","guid":{"rendered":"https:\/\/shop.kappavu.it\/KV\/?post_type=product&#038;p=1599"},"modified":"2022-05-23T02:47:49","modified_gmt":"2022-05-23T00:47:49","slug":"di-monache-e-sirene","status":"publish","type":"product","link":"https:\/\/shop.kappavu.it\/KV\/prodotto\/di-monache-e-sirene\/","title":{"rendered":"DI MONACHE E SIRENE &#8211; Riletture"},"content":{"rendered":"<h4><\/h4>\n<h4>\u2026 n\u00e9 il linguaggio comune n\u00e9 quello dotto sono n\u00e9 innocenti n\u00e9 neutri, dal momento che trasportano un numero notevole di presupposizioni di tutti i generi annodate al sistema.<\/h4>\n<h4><em>Francesca Rigotti<\/em><\/h4>\n<h4>Ri-leggere con occhi nuovi per recuperare e ricomporre un mondo sommerso di donne che nei secoli hanno subito oltraggi e ingiustizie rese invisibili dalla consuetudine, dipinte al nero per forza di tradizione, donne la cui funzione e dignit\u00e0 \u00e8 stata oscurata dal luogo comune, le cui virt\u00f9 e prerogative hanno assunto connotati negativi per fraintendimenti secolari, donne capaci di azioni destabilizzanti i poteri del loro tempo, interpreti di esigenze profonde incomprese dal sistema di valori coevo.<\/h4>\n<p>&nbsp;<\/p>\n","protected":false},"excerpt":{"rendered":"<p>&nbsp;<\/p>\n<h4>di <strong><a href=\"http:\/\/shop.kappavu.it\/KV\/autori-mz\/#marina-giovannelli\">MARINA GIOVANNELLI<\/a><\/strong><\/h4>\n<p><strong>Ri-leggere con occhi nuovi per recuperare e ricomporre un mondo sommerso di donne che nei secoli hanno subito oltraggi e ingiustizie rese invisibili dalla consuetudine, dipinte al nero per forza di tradizione, donne la cui funzione e dignit\u00e0 \u00e8 stata oscurata dal luogo comune, le cui virt\u00f9 e prerogative hanno assunto connotati negativi per fraintendimenti secolari, donne capaci di azioni destabilizzanti i poteri del loro tempo, interpreti di esigenze profonde incomprese dal sistema di valori coevo.<\/strong><\/p>\n<p>&nbsp;<\/p>\n","protected":false},"featured_media":1441,"comment_status":"open","ping_status":"closed","template":"","meta":[],"product_brand":[],"product_cat":[25,48],"product_tag":[395,396,397,398,399,400,394,401,402,403,404,405],"class_list":{"0":"post-1599","1":"product","2":"type-product","3":"status-publish","4":"has-post-thumbnail","6":"product_cat-discanto","7":"product_cat-marina-giovannelli","8":"product_tag-conflitto-di-genere","9":"product_tag-consuetudine","10":"product_tag-femminismo","11":"product_tag-genere-femminile","12":"product_tag-ingiustizia","13":"product_tag-ingiustizia-sociale","14":"product_tag-marina-giovannelli","15":"product_tag-maschilismo","16":"product_tag-racconti-di-donne","17":"product_tag-romanzi-al-femminile","18":"product_tag-storie-al-femminile","19":"product_tag-storie-di-donne","21":"first","22":"instock","23":"shipping-taxable","24":"purchasable","25":"product-type-simple","26":"customify-col"},"_links":{"self":[{"href":"https:\/\/shop.kappavu.it\/KV\/wp-json\/wp\/v2\/product\/1599","targetHints":{"allow":["GET"]}}],"collection":[{"href":"https:\/\/shop.kappavu.it\/KV\/wp-json\/wp\/v2\/product"}],"about":[{"href":"https:\/\/shop.kappavu.it\/KV\/wp-json\/wp\/v2\/types\/product"}],"replies":[{"embeddable":true,"href":"https:\/\/shop.kappavu.it\/KV\/wp-json\/wp\/v2\/comments?post=1599"}],"wp:featuredmedia":[{"embeddable":true,"href":"https:\/\/shop.kappavu.it\/KV\/wp-json\/wp\/v2\/media\/1441"}],"wp:attachment":[{"href":"https:\/\/shop.kappavu.it\/KV\/wp-json\/wp\/v2\/media?parent=1599"}],"wp:term":[{"taxonomy":"product_brand","embeddable":true,"href":"https:\/\/shop.kappavu.it\/KV\/wp-json\/wp\/v2\/product_brand?post=1599"},{"taxonomy":"product_cat","embeddable":true,"href":"https:\/\/shop.kappavu.it\/KV\/wp-json\/wp\/v2\/product_cat?post=1599"},{"taxonomy":"product_tag","embeddable":true,"href":"https:\/\/shop.kappavu.it\/KV\/wp-json\/wp\/v2\/product_tag?post=1599"}],"curies":[{"name":"wp","href":"https:\/\/api.w.org\/{rel}","templated":true}]}}