{"id":1596,"date":"2022-02-24T16:59:01","date_gmt":"2022-02-24T15:59:01","guid":{"rendered":"https:\/\/shop.kappavu.it\/KV\/?post_type=product&#038;p=1596"},"modified":"2022-10-21T19:24:55","modified_gmt":"2022-10-21T17:24:55","slug":"davanti-ai-visigoti","status":"publish","type":"product","link":"https:\/\/shop.kappavu.it\/KV\/prodotto\/davanti-ai-visigoti\/","title":{"rendered":"DAVANTI AI VISIGOTI"},"content":{"rendered":"<h4><\/h4>\n<h4>\u00c8 a dir poco commovente la nuova poesia di Maurizio Benedetti. Una fase del suo scrivere che porta l\u2019autore friulano a fare un ulteriore passo in avanti, per qualit\u00e0 e per capacit\u00e0 di sguardo. Benedetti, con questo suo libro, sta dalla parte del sole, con la sua luce e calore, con la sua responsabilit\u00e0 verso l\u2019umana esistenza. Perch\u00e9 \u00abSiamo terra e mare \/ e camminiamo costeggiando il muro\u00bb, e Benedetti ce lo dice subito, mettendo in quadro l\u2019esistenza di ogni giorno, il quotidiano che per\u00f2 si nutre di passato e futuro. Ma, in modo ancor pi\u00f9 interessante, di ci\u00f2 che sfugge all\u2019attenzione \u2018normale\u2019, di ci\u00f2 che si deve in qualche modo \u2018inventare\u2019. Non perch\u00e9 non ci sia, ma perch\u00e9 ha bisogno di uno sguardo \u2018altro\u2019 per essere percepito, e raccontato.<\/h4>\n<h4>(<em>Dalla prefazione di Giovanni Fierro<\/em>)<\/h4>\n<p>&nbsp;<\/p>\n","protected":false},"excerpt":{"rendered":"<p>&nbsp;<\/p>\n<h4>di <strong><a href=\"http:\/\/shop.kappavu.it\/KV\/autori-mz\/#maurizio-benedetti\">MAURIZIO BENEDETTI<\/a><\/strong><\/h4>\n<p>&nbsp;<\/p>\n<p><em><strong>Davanti ai Visigoti<\/strong><\/em><br \/>\n<em><strong>siamo tutti pi\u00f9 ciechi<\/strong><\/em><\/p>\n<p><strong>Perch\u00e9 \u00abSiamo terra e mare \/ e camminiamo costeggiando il muro\u00bb, e Benedetti ce lo dice subito, mettendo in quadro l\u2019esistenza di ogni giorno, il quotidiano che per\u00f2 si nutre di passato e futuro. Ma, in modo ancor pi\u00f9 interessante, di ci\u00f2 che sfugge all\u2019attenzione \u2018normale\u2019, di ci\u00f2 che si deve in qualche modo \u2018inventare\u2019.<\/strong><\/p>\n<p><strong>(<em>Dalla prefazione di Giovanni Fierro<\/em>)<\/strong><\/p>\n<p>&nbsp;<\/p>\n","protected":false},"featured_media":1597,"comment_status":"open","ping_status":"closed","template":"","meta":[],"product_brand":[],"product_cat":[25,184,27],"product_tag":[375,376,378,377,380,379,303,304,381],"class_list":{"0":"post-1596","1":"product","2":"type-product","3":"status-publish","4":"has-post-thumbnail","6":"product_cat-discanto","7":"product_cat-maurizio-benedetti","8":"product_cat-poesia","9":"product_tag-ara-di-tricesimo","10":"product_tag-autori-friulani","11":"product_tag-giovanni-fierro","12":"product_tag-maurizio-benedetti","13":"product_tag-poesie-di-autori-friulani","14":"product_tag-poesie-friulane","15":"product_tag-raccolta-di-poesie","16":"product_tag-raccolta-di-poesie-friulane","17":"product_tag-tricesimo","19":"first","20":"instock","21":"shipping-taxable","22":"purchasable","23":"product-type-simple","24":"customify-col"},"_links":{"self":[{"href":"https:\/\/shop.kappavu.it\/KV\/wp-json\/wp\/v2\/product\/1596","targetHints":{"allow":["GET"]}}],"collection":[{"href":"https:\/\/shop.kappavu.it\/KV\/wp-json\/wp\/v2\/product"}],"about":[{"href":"https:\/\/shop.kappavu.it\/KV\/wp-json\/wp\/v2\/types\/product"}],"replies":[{"embeddable":true,"href":"https:\/\/shop.kappavu.it\/KV\/wp-json\/wp\/v2\/comments?post=1596"}],"wp:featuredmedia":[{"embeddable":true,"href":"https:\/\/shop.kappavu.it\/KV\/wp-json\/wp\/v2\/media\/1597"}],"wp:attachment":[{"href":"https:\/\/shop.kappavu.it\/KV\/wp-json\/wp\/v2\/media?parent=1596"}],"wp:term":[{"taxonomy":"product_brand","embeddable":true,"href":"https:\/\/shop.kappavu.it\/KV\/wp-json\/wp\/v2\/product_brand?post=1596"},{"taxonomy":"product_cat","embeddable":true,"href":"https:\/\/shop.kappavu.it\/KV\/wp-json\/wp\/v2\/product_cat?post=1596"},{"taxonomy":"product_tag","embeddable":true,"href":"https:\/\/shop.kappavu.it\/KV\/wp-json\/wp\/v2\/product_tag?post=1596"}],"curies":[{"name":"wp","href":"https:\/\/api.w.org\/{rel}","templated":true}]}}