{"id":1592,"date":"2022-02-23T15:46:39","date_gmt":"2022-02-23T14:46:39","guid":{"rendered":"https:\/\/shop.kappavu.it\/KV\/?post_type=product&#038;p=1592"},"modified":"2026-02-14T20:26:04","modified_gmt":"2026-02-14T19:26:04","slug":"da-sanremo-alle-foibe","status":"publish","type":"product","link":"https:\/\/shop.kappavu.it\/KV\/prodotto\/da-sanremo-alle-foibe\/","title":{"rendered":"DA SANREMO ALLE FOIBE"},"content":{"rendered":"<h4><\/h4>\n<h4>Per sostenere le loro tesi Cristicchi e Bernas, il coautore, sono costretti a intessere il loro testo di una serie di errori, inesattezze ed omissioni storiche, rispolverando l\u2019armamentario ideologico nazionalista sulla romanit\u00e0 e la venezianit\u00e0 di queste terre e negando la secolare realt\u00e0 multinazionale e multilingue dell\u2019Istria per rivendicare soltanto la sua componente italiana. Si usano inoltre molti degli argomenti di criminalizzazione dei partigiani jugoslavi che gi\u00e0 durante la guerra nazisti e fascisti avevano usato per dividere le varie componenti nazionali e sociali della lotta di liberazione.<br \/>\nIn questo libro raccogliamo una serie di recensioni al lavoro teatrale e al libro di Bernas che lo ispira, comparse in questi mesi, per offrire agli antifascisti, ma anche a un pubblico pi\u00f9 vasto, alcuni mezzi \u201cdi difesa culturale\u201d di fronte all\u2019aggressivit\u00e0 psicologica e mediatica del nuovo pensiero unico, cosiddetto \u201ccondiviso\u201d, di cui il lavoro di Cristicchi \u00e8, secondo noi, espressione.<\/h4>\n<h4><em>La redazione di diecifebbraio.info<\/em><\/h4>\n<p>&nbsp;<\/p>\n","protected":false},"excerpt":{"rendered":"<h4><em><span style=\"color: #800000;\">SPUNTI DI RIFLESSIONE STORICA E CULTURALE SULLO SPETTACOLO <\/span><\/em><span style=\"color: #800000;\">MAGAZZINO 18<\/span><\/h4>\n<p>&nbsp;<\/p>\n<h4>di <strong><a href=\"http:\/\/shop.kappavu.it\/KV\/autori-al\/#aa-vv\">AA. VV.<\/a><\/strong><\/h4>\n<p><strong>In questi mesi il cantautore Simone Cristicchi sta portando nei teatri di tutt\u2019Italia e dell\u2019Istria il suo spettacolo Magazzino 18, che dovrebbe parlare dell\u2019esodo degli italiani dall\u2019Istria e dalla Dalmazia; ma pi\u00f9 che un lavoro artistico sembra un\u2019operazione di propaganda politica supportata da un battage massmediatico senza precedenti per questo tipo di spettacoli, con un appoggio bipartisan dalla destra alla sinistra, funzionale alla riscrittura della Resistenza in queste terre del confine orientale e alla rimozione degli ideali di uguaglianza e fratellanza che la ispirarono.<\/strong><\/p>\n<p>&nbsp;<\/p>\n<p><strong>interventi di:<\/strong><\/p>\n<p><span style=\"color: #800000;\"><strong>Andrea Martocchia e Tamara Bellone, <a href=\"http:\/\/shop.kappavu.it\/KV\/autori-al\/#claudia-cernigoi\">CLAUDIA CERNIGOI<\/a>, <a href=\"http:\/\/shop.kappavu.it\/KV\/autori-mz\/#sandi-volk\">SANDI VOLK<\/a>, <a href=\"http:\/\/shop.kappavu.it\/KV\/autori-mz\/#piero-purini\">PIERO PURINI<\/a>, Wu Ming, Francesco Cecchini, <a href=\"http:\/\/shop.kappavu.it\/KV\/autori-mz\/#pol-vice\">PAOLO CONSOLARO<\/a>, Gilberto Vlaic<\/strong><\/span><\/p>\n<p>&nbsp;<\/p>\n","protected":false},"featured_media":1437,"comment_status":"open","ping_status":"closed","template":"","meta":[],"product_brand":[],"product_cat":[77,109,193,195,20,201,19],"product_tag":[351,274,275,276,353,340,347,341,342,344,343,357,359,279,280,346,350,281,345,290,358,283,355,354,348,288,339,349,352,356],"class_list":{"0":"post-1592","1":"product","2":"type-product","3":"status-publish","4":"has-post-thumbnail","6":"product_cat-aa-vv","7":"product_cat-claudia-cernigoi","8":"product_cat-piero-purini","9":"product_cat-pol-vice","10":"product_cat-resistenza_storica","11":"product_cat-sandi-volk","12":"product_cat-storia","13":"product_tag-andrea-martocchia","14":"product_tag-antifascismo","15":"product_tag-cantiere-di-monfalcone","16":"product_tag-cantieri-di-monfalcone","17":"product_tag-claudia-cernigoi","18":"product_tag-cristicchi","19":"product_tag-dalmazia","20":"product_tag-esodo-fiumano-dalmata","21":"product_tag-esuli","22":"product_tag-foiba","23":"product_tag-foibe","24":"product_tag-francesco-cecchini","25":"product_tag-gilberto-vlaic","26":"product_tag-guerra-antifascista-europea","27":"product_tag-guerra-antifascista-in-europa","28":"product_tag-istria","29":"product_tag-jan-bernas","30":"product_tag-lotta-antifascista","31":"product_tag-magazzino-18","32":"product_tag-monfalcone","33":"product_tag-paolo-consolaro","34":"product_tag-partigiani-gap","35":"product_tag-piero-purini","36":"product_tag-sandi-volk","37":"product_tag-sanremo","38":"product_tag-seconda-guerra-mondiale","39":"product_tag-simone-cristicchi","40":"product_tag-spettacolo-cristicchi","41":"product_tag-tamara-bellone","42":"product_tag-wu-ming","44":"first","45":"instock","46":"shipping-taxable","47":"purchasable","48":"product-type-simple","49":"customify-col"},"_links":{"self":[{"href":"https:\/\/shop.kappavu.it\/KV\/wp-json\/wp\/v2\/product\/1592","targetHints":{"allow":["GET"]}}],"collection":[{"href":"https:\/\/shop.kappavu.it\/KV\/wp-json\/wp\/v2\/product"}],"about":[{"href":"https:\/\/shop.kappavu.it\/KV\/wp-json\/wp\/v2\/types\/product"}],"replies":[{"embeddable":true,"href":"https:\/\/shop.kappavu.it\/KV\/wp-json\/wp\/v2\/comments?post=1592"}],"wp:featuredmedia":[{"embeddable":true,"href":"https:\/\/shop.kappavu.it\/KV\/wp-json\/wp\/v2\/media\/1437"}],"wp:attachment":[{"href":"https:\/\/shop.kappavu.it\/KV\/wp-json\/wp\/v2\/media?parent=1592"}],"wp:term":[{"taxonomy":"product_brand","embeddable":true,"href":"https:\/\/shop.kappavu.it\/KV\/wp-json\/wp\/v2\/product_brand?post=1592"},{"taxonomy":"product_cat","embeddable":true,"href":"https:\/\/shop.kappavu.it\/KV\/wp-json\/wp\/v2\/product_cat?post=1592"},{"taxonomy":"product_tag","embeddable":true,"href":"https:\/\/shop.kappavu.it\/KV\/wp-json\/wp\/v2\/product_tag?post=1592"}],"curies":[{"name":"wp","href":"https:\/\/api.w.org\/{rel}","templated":true}]}}