{"id":1591,"date":"2022-02-23T15:20:52","date_gmt":"2022-02-23T14:20:52","guid":{"rendered":"https:\/\/shop.kappavu.it\/KV\/?post_type=product&#038;p=1591"},"modified":"2024-10-01T10:47:07","modified_gmt":"2024-10-01T08:47:07","slug":"da-maiaso-al-golico","status":"publish","type":"product","link":"https:\/\/shop.kappavu.it\/KV\/prodotto\/da-maiaso-al-golico\/","title":{"rendered":"DA MAIASO AL GOLICO, DALLA RESISTENZA A SAVONA"},"content":{"rendered":"<h4><\/h4>\n<h4>Ufficiale degli alpini sul Golico, Marchetti \u00e8, poi, uno dei primi organizzatori della resistenza osovana in Carnia; si scontra con le difficolt\u00e0 del dopoguerra, sostiene Unit\u00e0 Popolare, intesse rapporti anche epistolari con noti socialisti ed azionisti, e viene catapultato a Savona, per avere in qualche modo disturbato la Democrazia Cristiana. Vive la sua esperienza lavorativa presso vari Ispettorati Provinciali dell\u2019Agricoltura, conosce la marca trevigiana, si ricongiunge, infine, alla sua sposa ed ai figli. Costantemente preoccupato di guadagnar \u201cdue soldi per il lesso\u201d per mantenere la famiglia, vive la sua vita in un succedersi incessante di fatti internazionali, nazionali e locali, che segue con partecipazione. Interessanti appaiono le sue proposte per sviluppare l\u2019agricoltura, la frutticoltura, l\u2019allevamento. Il libro, curato da Laura Matelda Puppini, \u00e8 corredato pure dalla storia del battaglione Carnia della Osoppo e del suo comandante Barba Livio, da quella della distruzione della torre Picotta da parte dei tedeschi, da schede analitiche su figure di partigiani.<\/h4>\n<p>&nbsp;<\/p>\n","protected":false},"excerpt":{"rendered":"<h4><em><span style=\"color: #800000;\">UNA VITA IN VIAGGIO NEL &#8216;900 ITALIANO<\/span><\/em><\/h4>\n<p>&nbsp;<\/p>\n<h4>di <strong><a href=\"http:\/\/shop.kappavu.it\/KV\/autori-mz\/#romano-marchetti\">ROMANO MARCHETTI<\/a><\/strong><\/h4>\n<h5>A cura di\u00a0<strong><a href=\"http:\/\/shop.kappavu.it\/KV\/autori-al\/#laura-matelda-puppini\">LAURA MATELDA PUPPINI<\/a><\/strong><\/h5>\n<p><strong>Questo libro ripercorre la vita di Romano Marchetti, carnico come egli si \u00e8 sempre sentito, dottore in agraria, specializzato in agricoltura tropicale, mazziniano, repubblicano e socialista, partigiano osovano, esperto in zootecnia, sostenitore assiduo del circondario montano, nato nel lontano 1913. Questa \u00e8 la storia di un bimbo che da un mondo fatto di giochi infantili, ramarri, cingallegre, ghiri, parenti e padrini precipita in un mondo fatto di prevaricazione e soprusi, di ordini, ingiustizie, sogni infranti. La storia di Romano Marchetti inizia nel piccolo paese di Maiaso, in Carnia, e continua, attraverso la metamorfosi giovanile, fino alla crescita, in lui, di una coscienza antifascista ed allo sviluppo di un pensiero libero.<\/strong><\/p>\n<p><strong>Libro co-edito con l&#8217;Istituto Friulano per la Storia del Movimento di Liberazione &#8211; Numero 24 dei &#8220;Quaderni dell&#8217;Istituto&#8221;<\/strong><\/p>\n<p>&nbsp;<\/p>\n","protected":false},"featured_media":1436,"comment_status":"open","ping_status":"closed","template":"","meta":[],"product_brand":[],"product_cat":[23,67,334,19],"product_tag":[274,327,328,297,329,279,280,325,281,330,326,282,283,284,286,331,324,332,288,333],"class_list":{"0":"post-1591","1":"product","2":"type-product","3":"status-publish","4":"has-post-thumbnail","6":"product_cat-biografie","7":"product_cat-laura-matelda-puppini","8":"product_cat-romano-marchetti","9":"product_cat-storia","10":"product_tag-antifascismo","11":"product_tag-battaglione-carnia","12":"product_tag-carnia","13":"product_tag-cristina-noacco","14":"product_tag-golico","15":"product_tag-guerra-antifascista-europea","16":"product_tag-guerra-antifascista-in-europa","17":"product_tag-laura-matelda-puppini","18":"product_tag-lotta-antifascista","19":"product_tag-maiaso","20":"product_tag-nonsolocarnia","21":"product_tag-partigiani-friulani","22":"product_tag-partigiani-gap","23":"product_tag-partigiani-in-friuli-venezia-giulia","24":"product_tag-resistenza-friulana","25":"product_tag-resistenza-in-carnia","26":"product_tag-romano-marchetti","27":"product_tag-savona","28":"product_tag-seconda-guerra-mondiale","29":"product_tag-unita-popolare","31":"first","32":"instock","33":"sale","34":"shipping-taxable","35":"purchasable","36":"product-type-simple","37":"customify-col"},"_links":{"self":[{"href":"https:\/\/shop.kappavu.it\/KV\/wp-json\/wp\/v2\/product\/1591","targetHints":{"allow":["GET"]}}],"collection":[{"href":"https:\/\/shop.kappavu.it\/KV\/wp-json\/wp\/v2\/product"}],"about":[{"href":"https:\/\/shop.kappavu.it\/KV\/wp-json\/wp\/v2\/types\/product"}],"replies":[{"embeddable":true,"href":"https:\/\/shop.kappavu.it\/KV\/wp-json\/wp\/v2\/comments?post=1591"}],"wp:featuredmedia":[{"embeddable":true,"href":"https:\/\/shop.kappavu.it\/KV\/wp-json\/wp\/v2\/media\/1436"}],"wp:attachment":[{"href":"https:\/\/shop.kappavu.it\/KV\/wp-json\/wp\/v2\/media?parent=1591"}],"wp:term":[{"taxonomy":"product_brand","embeddable":true,"href":"https:\/\/shop.kappavu.it\/KV\/wp-json\/wp\/v2\/product_brand?post=1591"},{"taxonomy":"product_cat","embeddable":true,"href":"https:\/\/shop.kappavu.it\/KV\/wp-json\/wp\/v2\/product_cat?post=1591"},{"taxonomy":"product_tag","embeddable":true,"href":"https:\/\/shop.kappavu.it\/KV\/wp-json\/wp\/v2\/product_tag?post=1591"}],"curies":[{"name":"wp","href":"https:\/\/api.w.org\/{rel}","templated":true}]}}