{"id":1584,"date":"2022-02-22T16:52:53","date_gmt":"2022-02-22T15:52:53","guid":{"rendered":"https:\/\/shop.kappavu.it\/KV\/?post_type=product&#038;p=1584"},"modified":"2026-02-18T18:40:15","modified_gmt":"2026-02-18T17:40:15","slug":"contis-di-famee","status":"publish","type":"product","link":"https:\/\/shop.kappavu.it\/KV\/prodotto\/contis-di-famee\/","title":{"rendered":"CONTIS DI FAMEE"},"content":{"rendered":"<h4><\/h4>\n<h4>Le storie di Raffaele Serafini vanno avanti e indietro nel tempo lungo un sentiero che ci permette di gettare un occhio su alcune delle vicende cresciute sull\u2019albero genealogico di una famiglia del Friuli di mezzo. Di racconto in racconto cambiano dunque i protagonisti, i tempi, gli stili di vita, il paesaggio che si pu\u00f2 vedere tutto intorno e alla fine ne viene fuori un Friuli che \u00e8 nello stesso tempo famigliare e fuori dagli schemi. Dove finisce la realt\u00e0 e dove comincia l\u2019invenzione? La verit\u00e0 \u00e8 che non \u00e8 cos\u00ec importante saperlo perch\u00e9 una volta coinvolti in un racconto, si entra in un mondo che \u00e8 reale anche quando \u00e8 fantastico e che \u00e8 inventato anche quando \u00e8 vero.<\/h4>\n<p>&nbsp;<\/p>\n","protected":false},"excerpt":{"rendered":"<p>&nbsp;<\/p>\n<h4>di <strong><a href=\"http:\/\/shop.kappavu.it\/KV\/autori-mz\/#raffaele-serafini\">RAFFAELE SERAFINI<\/a><\/strong><\/h4>\n<p><strong>Lis storiis di Raffaele Serafini a van indenant e inda\u00fbr intal timp dilunc di un troi che nus permet di but\u00e2 la voglade suntun pocjis des vicendis cressudis sul arbul gjenealogjic di une famee dal Fri\u00fbl di mie\u00e7. Di conte in conte a cambiin duncje i protagoniscj, i timps, i st\u00eei di vite, il paisa\u00e7 che si pues viodi dulintor e, ae fin, a \u2019ndi ven f\u00fbr un Fri\u00fbl che al \u00e8 tal stes timp famili\u00e2r e f\u00fbr dai schemis.\u00a0Dul\u00e0 finissie la realt\u00e2t e dul\u00e0 tachie la invenzion? La veret\u00e2t e je che nol \u00e8 cuss\u00ec impuartant sav\u00ealu parc\u00e8 che, une volte tir\u00e2ts dentri di une conte, si jentre intun mont che al \u00e8 re\u00e2l ancje cuant che al \u00e8 fantastic e che al \u00e8 invent\u00e2t ancje cuant che al \u00e8 v\u00ear.<\/strong><\/p>\n<p>&nbsp;<\/p>\n","protected":false},"featured_media":1430,"comment_status":"open","ping_status":"closed","template":"","meta":[],"product_brand":[],"product_cat":[21,22,196],"product_tag":[254,255,256,258,257,261,259,260,262,263],"class_list":{"0":"post-1584","1":"product","2":"type-product","3":"status-publish","4":"has-post-thumbnail","6":"product_cat-friulano","7":"product_cat-la_comugne","8":"product_cat-raffaele-serafini","9":"product_tag-contis","10":"product_tag-contis-curtis","11":"product_tag-famee","12":"product_tag-la-comugne","13":"product_tag-lestizza","14":"product_tag-raccolta-di-racconti","15":"product_tag-racconti","16":"product_tag-racconti-brevi","17":"product_tag-sclaunicco","18":"product_tag-serafini","20":"first","21":"instock","22":"sale","23":"shipping-taxable","24":"purchasable","25":"product-type-simple","26":"customify-col"},"_links":{"self":[{"href":"https:\/\/shop.kappavu.it\/KV\/wp-json\/wp\/v2\/product\/1584","targetHints":{"allow":["GET"]}}],"collection":[{"href":"https:\/\/shop.kappavu.it\/KV\/wp-json\/wp\/v2\/product"}],"about":[{"href":"https:\/\/shop.kappavu.it\/KV\/wp-json\/wp\/v2\/types\/product"}],"replies":[{"embeddable":true,"href":"https:\/\/shop.kappavu.it\/KV\/wp-json\/wp\/v2\/comments?post=1584"}],"wp:featuredmedia":[{"embeddable":true,"href":"https:\/\/shop.kappavu.it\/KV\/wp-json\/wp\/v2\/media\/1430"}],"wp:attachment":[{"href":"https:\/\/shop.kappavu.it\/KV\/wp-json\/wp\/v2\/media?parent=1584"}],"wp:term":[{"taxonomy":"product_brand","embeddable":true,"href":"https:\/\/shop.kappavu.it\/KV\/wp-json\/wp\/v2\/product_brand?post=1584"},{"taxonomy":"product_cat","embeddable":true,"href":"https:\/\/shop.kappavu.it\/KV\/wp-json\/wp\/v2\/product_cat?post=1584"},{"taxonomy":"product_tag","embeddable":true,"href":"https:\/\/shop.kappavu.it\/KV\/wp-json\/wp\/v2\/product_tag?post=1584"}],"curies":[{"name":"wp","href":"https:\/\/api.w.org\/{rel}","templated":true}]}}